{"id":662,"date":"2026-03-14T11:04:17","date_gmt":"2026-03-14T11:04:17","guid":{"rendered":"https:\/\/cmseducation.org\/odyssey-international-literary-olympiad\/?page_id=662"},"modified":"2026-03-17T11:33:17","modified_gmt":"2026-03-17T11:33:17","slug":"event-schedule","status":"publish","type":"page","link":"https:\/\/cmseducation.org\/odyssey-international-literary-olympiad\/event-schedule\/","title":{"rendered":"Event Schedule"},"content":{"rendered":"\t\t<div data-elementor-type=\"wp-page\" data-elementor-id=\"662\" class=\"elementor elementor-662\">\n\t\t\t\t\t\t<section class=\"elementor-section elementor-top-section elementor-element elementor-element-799423f elementor-section-full_width elementor-section-height-min-height elementor-section-height-default elementor-section-items-middle\" data-id=\"799423f\" data-element_type=\"section\" data-e-type=\"section\" data-settings=\"{&quot;background_background&quot;:&quot;classic&quot;}\">\n\t\t\t\t\t\t\t<div class=\"elementor-background-overlay\"><\/div>\n\t\t\t\t\t\t\t<div class=\"elementor-container elementor-column-gap-default\">\n\t\t\t\t\t<div class=\"elementor-column elementor-col-100 elementor-top-column elementor-element elementor-element-cc77d70\" data-id=\"cc77d70\" data-element_type=\"column\" data-e-type=\"column\">\n\t\t\t<div class=\"elementor-widget-wrap elementor-element-populated\">\n\t\t\t\t\t\t<section class=\"elementor-section elementor-inner-section elementor-element elementor-element-57e7f00 elementor-section-boxed elementor-section-height-default elementor-section-height-default\" data-id=\"57e7f00\" data-element_type=\"section\" data-e-type=\"section\">\n\t\t\t\t\t\t<div class=\"elementor-container elementor-column-gap-default\">\n\t\t\t\t\t<div class=\"elementor-column elementor-col-100 elementor-inner-column elementor-element elementor-element-e8c73cc\" data-id=\"e8c73cc\" data-element_type=\"column\" data-e-type=\"column\">\n\t\t\t<div class=\"elementor-widget-wrap elementor-element-populated\">\n\t\t\t\t\t\t<div class=\"elementor-element elementor-element-4fded28 elementor-widget elementor-widget-heading\" data-id=\"4fded28\" data-element_type=\"widget\" data-e-type=\"widget\" data-widget_type=\"heading.default\">\n\t\t\t\t\t<h1 class=\"elementor-heading-title elementor-size-default\">Event Schedule<\/h1>\t\t\t\t<\/div>\n\t\t\t\t\t<\/div>\n\t\t<\/div>\n\t\t\t\t\t<\/div>\n\t\t<\/section>\n\t\t\t\t\t<\/div>\n\t\t<\/div>\n\t\t\t\t\t<\/div>\n\t\t<\/section>\n\t\t\t\t<section class=\"elementor-section elementor-top-section elementor-element elementor-element-be87d8b elementor-section-boxed elementor-section-height-default elementor-section-height-default\" data-id=\"be87d8b\" data-element_type=\"section\" data-e-type=\"section\" data-settings=\"{&quot;background_background&quot;:&quot;classic&quot;}\">\n\t\t\t\t\t\t<div class=\"elementor-container elementor-column-gap-default\">\n\t\t\t\t\t<div class=\"elementor-column elementor-col-100 elementor-top-column elementor-element elementor-element-096fccb\" data-id=\"096fccb\" data-element_type=\"column\" data-e-type=\"column\">\n\t\t\t<div class=\"elementor-widget-wrap elementor-element-populated\">\n\t\t\t\t\t\t<section class=\"elementor-section elementor-inner-section elementor-element elementor-element-3614d21 elementor-section-boxed elementor-section-height-default elementor-section-height-default\" data-id=\"3614d21\" data-element_type=\"section\" data-e-type=\"section\">\n\t\t\t\t\t\t<div class=\"elementor-container elementor-column-gap-default\">\n\t\t\t\t\t<div class=\"elementor-column elementor-col-100 elementor-inner-column elementor-element elementor-element-2586038\" data-id=\"2586038\" data-element_type=\"column\" data-e-type=\"column\">\n\t\t\t<div class=\"elementor-widget-wrap elementor-element-populated\">\n\t\t\t\t\t\t<div class=\"elementor-element elementor-element-3bba1ad elementor-widget elementor-widget-text-editor\" data-id=\"3bba1ad\" data-element_type=\"widget\" data-e-type=\"widget\" data-widget_type=\"text-editor.default\">\n\t\t\t\t\t\t\t\t\t<table style=\"border-collapse: collapse;width: 100%\" border=\"1\" cellspacing=\"0\" cellpadding=\"8\"><tbody><tr><td style=\"text-align: center;font-weight: bold;background: #f2f2f2\" colspan=\"3\">10<sup>th<\/sup> August, 2026<\/td><\/tr><tr><th>Events<\/th><th>Venue<\/th><th>Timings<\/th><\/tr><tr><td>Registration of Local Teams<\/td><td>Goodwill Building<\/td><td>9:00 a.m. onwards<\/td><\/tr><tr><td>Registration of Outstation Teams<\/td><td>WUCC Control Room<\/td><td>9:00 a.m. onwards<\/td><\/tr><tr><td>Sightseeing<\/td><td>To be announced<\/td><td>4:30 p.m. onwards<\/td><\/tr><tr><td colspan=\"3\">\u00a0<\/td><\/tr><tr><td style=\"text-align: center;font-weight: bold;background: #f2f2f2\" colspan=\"3\">11<sup>th<\/sup> August, 2026 : Rise of the Vanguard<\/td><\/tr><tr><th>Events<\/th><th>Venue<\/th><th>Timings<\/th><\/tr><tr><td>Breakfast<\/td><td>WUCC Basement<\/td><td>7:00 a.m. &#8211; 7:45 a.m.<\/td><\/tr><tr><td>Film Show<\/td><td>WUCC Auditorium<\/td><td>9:00 a.m.<\/td><\/tr><tr><td>From Pages to Palette<\/td><td>WUCC Auditorium<\/td><td>9:00 a.m.<\/td><\/tr><tr><td>Lunch<\/td><td>WUCC Basement<\/td><td>11:30 a.m. &#8211; 12:30 p.m.<\/td><\/tr><tr><td>Press Conference<\/td><td>Fountain Area, WUCC<\/td><td>12:30 p.m.<\/td><\/tr><tr><td>Opening Ceremony<\/td><td>Dr Jagdish Gandhi Auditorium<\/td><td>4:00 p.m.<\/td><\/tr><tr><td>Dinner<\/td><td>Avalon Hall, Goodwill Building<\/td><td>8:00 p.m. &#8211; 9:00 p.m.<\/td><\/tr><tr><td colspan=\"3\">\u00a0<\/td><\/tr><tr><td style=\"text-align: center;font-weight: bold;background: #f2f2f2\" colspan=\"3\">12<sup>th<\/sup> August, 2026 : Chronicles in Continuum<\/td><\/tr><tr><th>Events<\/th><th>Venue<\/th><th>Timings<\/th><\/tr><tr><td>Breakfast<\/td><td>WUCC Basement<\/td><td>7:00 a.m. &#8211; 7:45 a.m.<\/td><\/tr><tr><td>Prayer Assembly<\/td><td>Dr Jagdish Gandhi Auditorium<\/td><td>9:00 a.m.<\/td><\/tr><tr><td>Recycling a Story<\/td><td>Dr Jagdish Gandhi Auditorium<\/td><td>9:00 a.m. onwards<\/td><\/tr><tr><td>Dramatic Elocution<\/td><td>Hall 1<\/td><td>9:00 a.m.<\/td><\/tr><tr><td>Bebop Boulevard<\/td><td>Hall 2<\/td><td>9:00 a.m.<\/td><\/tr><tr><td>Ecoverse<\/td><td>Hall 3<\/td><td>9:00 a.m.<\/td><\/tr><tr><td>Th\u00e9\u00e2tre Sans Fronti\u00e8res<\/td><td>Rumpus Area, Friendship Building<\/td><td>9:00 a.m.<\/td><\/tr><tr><td>Resource Person<\/td><td>Room 1<\/td><td>9:00 a.m.<\/td><\/tr><tr><td>Lunch<\/td><td>Basement Dining Hall, Goodwill<\/td><td>1:00 p.m. &#8211; 2:00 p.m.<\/td><\/tr><tr><td>Resource Person<\/td><td>Room 1<\/td><td>2:00 p.m.<\/td><\/tr><tr><td>Tea Break<\/td><td>Avalon Hall, Goodwill Building<\/td><td>4:30 p.m. &#8211; 5:00 p.m.<\/td><\/tr><tr><td>Welcome Dinner<\/td><td>Avalon Hall, Goodwill Building<\/td><td>6:00 p.m. &#8211; 9:00 p.m.<\/td><\/tr><tr><td colspan=\"3\">\u00a0<\/td><\/tr><tr><td style=\"text-align: center;font-weight: bold;background: #f2f2f2\" colspan=\"3\">13<sup>th<\/sup> August, 2026 : The Dominion of the Triumphant<\/td><\/tr><tr><th>Events<\/th><th>Venue<\/th><th>Timings<\/th><\/tr><tr><td>Breakfast<\/td><td>WUCC Basement<\/td><td>7:00 a.m. &#8211; 7:45 a.m.<\/td><\/tr><tr><td>Prayer Assembly<\/td><td>Dr Jagdish Gandhi Auditorium<\/td><td>9:00 a.m.<\/td><\/tr><tr><td>Rhythm of Renewal (Broadway)<\/td><td>Dr Jagdish Gandhi Auditorium<\/td><td>9:00 a.m.<\/td><\/tr><tr><td>Installation Art<\/td><td>Hall 1<\/td><td>9:30 a.m. &#8211; 1:00 p.m.<\/td><\/tr><tr><td>Hashtag Chronicles<\/td><td>Hall 2<\/td><td>9:30 a.m. &#8211; 1:00 p.m.<\/td><\/tr><tr><td>Ecopreneur\u2019s Mind Tank<\/td><td>Hall 3<\/td><td>9:00 a.m. onwards<\/td><\/tr><tr><td>Th\u00e9\u00e2tre Sans Fronti\u00e8res<\/td><td>Rumpus Area, Friendship Building<\/td><td>9:00 a.m. onwards<\/td><\/tr><tr><td>Resource Person<\/td><td>Room No. 1<\/td><td>9:00 a.m.<\/td><\/tr><tr><td>Lunch<\/td><td>Avalon Hall, Goodwill Building<\/td><td>1:00 p.m. &#8211; 2:00 p.m.<\/td><\/tr><tr><td>Tea Break<\/td><td>Avalon Hall, Goodwill Building<\/td><td>5:00 p.m. &#8211; 5:30 p.m.<\/td><\/tr><tr><td>Starlight Stage &amp; Sparkling Soir\u00e9e<\/td><td>Dr Jagdish Gandhi Auditorium<\/td><td>5:30 p.m.<\/td><\/tr><tr><td>Dinner<\/td><td>Avalon Hall, Goodwill Building<\/td><td>8:00 p.m.<\/td><\/tr><tr><td colspan=\"3\">\u00a0<\/td><\/tr><tr><td style=\"text-align: center;font-weight: bold;background: #f2f2f2\" colspan=\"3\">14<sup>th<\/sup> August, 2026 : The Triumph of the Titans<\/td><\/tr><tr><th>Events<\/th><th>Venue<\/th><th>Timings<\/th><\/tr><tr><td>Breakfast<\/td><td>WUCC Basement<\/td><td>7:00 a.m. &#8211; 7:45 a.m.<\/td><\/tr><tr><td>Prayer Assembly<\/td><td>Dr Jagdish Gandhi Auditorium<\/td><td>9:00 a.m.<\/td><\/tr><tr><td>Feedback Session<\/td><td>Dr Jagdish Gandhi Auditorium<\/td><td>9:00 a.m.<\/td><\/tr><tr><td>Voltage Vibes<\/td><td>Dr Jagdish Gandhi Auditorium<\/td><td>9:00 a.m.<\/td><\/tr><tr><td>Lunch<\/td><td>Avalon Hall, Goodwill Building<\/td><td>12:00 noon &#8211; 1:00 p.m.<\/td><\/tr><tr><td>Th\u00e9\u00e2tre Sans Fronti\u00e8res<\/td><td>Dr Jagdish Gandhi Auditorium<\/td><td>3:00 p.m. onwards<\/td><\/tr><tr><td>Closing Ceremony<\/td><td>Dr Jagdish Gandhi Auditorium<\/td><td>3:30 p.m. onwards<\/td><\/tr><tr><td>Dinner<\/td><td>WUCC Basement<\/td><td>8:00 p.m.<\/td><\/tr><\/tbody><\/table>\t\t\t\t\t\t\t\t<\/div>\n\t\t\t\t\t<\/div>\n\t\t<\/div>\n\t\t\t\t\t<\/div>\n\t\t<\/section>\n\t\t\t\t\t<\/div>\n\t\t<\/div>\n\t\t\t\t\t<\/div>\n\t\t<\/section>\n\t\t\t\t<\/div>\n\t\t","protected":false},"excerpt":{"rendered":"<p>Event Schedule 10th August, 2026 Events Venue Timings Registration of Local Teams Goodwill Building 9:00 a.m. onwards Registration of Outstation [&hellip;]<\/p>\n","protected":false},"author":3,"featured_media":67,"parent":0,"menu_order":0,"comment_status":"closed","ping_status":"closed","template":"","meta":{"site-sidebar-layout":"no-sidebar","site-content-layout":"","ast-site-content-layout":"full-width-container","site-content-style":"default","site-sidebar-style":"default","ast-global-header-display":"","ast-banner-title-visibility":"","ast-main-header-display":"","ast-hfb-above-header-display":"","ast-hfb-below-header-display":"","ast-hfb-mobile-header-display":"","site-post-title":"disabled","ast-breadcrumbs-content":"disabled","ast-featured-img":"disabled","footer-sml-layout":"","ast-disable-related-posts":"","theme-transparent-header-meta":"default","adv-header-id-meta":"","stick-header-meta":"","header-above-stick-meta":"","header-main-stick-meta":"","header-below-stick-meta":"","astra-migrate-meta-layouts":"set","ast-page-background-enabled":"default","ast-page-background-meta":{"desktop":{"background-color":"var(--ast-global-color-5)","background-image":"","background-repeat":"repeat","background-position":"center center","background-size":"auto","background-attachment":"scroll","background-type":"","background-media":"","overlay-type":"","overlay-color":"","overlay-opacity":"","overlay-gradient":""},"tablet":{"background-color":"","background-image":"","background-repeat":"repeat","background-position":"center center","background-size":"auto","background-attachment":"scroll","background-type":"","background-media":"","overlay-type":"","overlay-color":"","overlay-opacity":"","overlay-gradient":""},"mobile":{"background-color":"","background-image":"","background-repeat":"repeat","background-position":"center center","background-size":"auto","background-attachment":"scroll","background-type":"","background-media":"","overlay-type":"","overlay-color":"","overlay-opacity":"","overlay-gradient":""}},"ast-content-background-meta":{"desktop":{"background-color":"var(--ast-global-color-4)","background-image":"","background-repeat":"repeat","background-position":"center center","background-size":"auto","background-attachment":"scroll","background-type":"","background-media":"","overlay-type":"","overlay-color":"","overlay-opacity":"","overlay-gradient":""},"tablet":{"background-color":"var(--ast-global-color-4)","background-image":"","background-repeat":"repeat","background-position":"center center","background-size":"auto","background-attachment":"scroll","background-type":"","background-media":"","overlay-type":"","overlay-color":"","overlay-opacity":"","overlay-gradient":""},"mobile":{"background-color":"var(--ast-global-color-4)","background-image":"","background-repeat":"repeat","background-position":"center center","background-size":"auto","background-attachment":"scroll","background-type":"","background-media":"","overlay-type":"","overlay-color":"","overlay-opacity":"","overlay-gradient":""}},"footnotes":""},"class_list":["post-662","page","type-page","status-publish","has-post-thumbnail","hentry"],"yoast_head":"<!-- This site is optimized with the Yoast SEO plugin v27.4 - https:\/\/yoast.com\/product\/yoast-seo-wordpress\/ -->\n<title>Event Schedule - Odyssey International Literary Olympiad<\/title>\n<meta name=\"description\" content=\"11th Odyssey International Literary Olympiad 2026 (Odyssey), hosted by City Montessori School at its Rajajipuram Campus I.\" \/>\n<meta name=\"robots\" content=\"index, follow, max-snippet:-1, max-image-preview:large, max-video-preview:-1\" \/>\n<link rel=\"canonical\" href=\"https:\/\/cmseducation.org\/odyssey-international-literary-olympiad\/event-schedule\/\" \/>\n<meta property=\"og:locale\" content=\"en_US\" \/>\n<meta property=\"og:type\" content=\"article\" \/>\n<meta property=\"og:title\" content=\"Event Schedule - Odyssey International Literary Olympiad\" \/>\n<meta property=\"og:description\" content=\"11th Odyssey International Literary Olympiad 2026 (Odyssey), hosted by City Montessori School at its Rajajipuram Campus I.\" \/>\n<meta property=\"og:url\" content=\"https:\/\/cmseducation.org\/odyssey-international-literary-olympiad\/event-schedule\/\" \/>\n<meta property=\"og:site_name\" content=\"Odyssey International Literary Olympiad\" \/>\n<meta property=\"article:modified_time\" content=\"2026-03-17T11:33:17+00:00\" \/>\n<meta property=\"og:image\" content=\"https:\/\/cmseducation.org\/odyssey-international-literary-olympiad\/wp-content\/uploads\/sites\/57\/2026\/03\/Website-Header-ODYSSEY-01.jpg\" \/>\n\t<meta property=\"og:image:width\" content=\"1920\" \/>\n\t<meta property=\"og:image:height\" content=\"700\" \/>\n\t<meta property=\"og:image:type\" content=\"image\/jpeg\" \/>\n<meta name=\"twitter:card\" content=\"summary_large_image\" \/>\n<meta name=\"twitter:label1\" content=\"Est. reading time\" \/>\n\t<meta name=\"twitter:data1\" content=\"2 minutes\" \/>\n<script type=\"application\/ld+json\" class=\"yoast-schema-graph\">{\"@context\":\"https:\\\/\\\/schema.org\",\"@graph\":[{\"@type\":\"WebPage\",\"@id\":\"https:\\\/\\\/cmseducation.org\\\/odyssey-international-literary-olympiad\\\/event-schedule\\\/\",\"url\":\"https:\\\/\\\/cmseducation.org\\\/odyssey-international-literary-olympiad\\\/event-schedule\\\/\",\"name\":\"Event Schedule - Odyssey International Literary Olympiad\",\"isPartOf\":{\"@id\":\"https:\\\/\\\/cmseducation.org\\\/odyssey-international-literary-olympiad\\\/#website\"},\"primaryImageOfPage\":{\"@id\":\"https:\\\/\\\/cmseducation.org\\\/odyssey-international-literary-olympiad\\\/event-schedule\\\/#primaryimage\"},\"image\":{\"@id\":\"https:\\\/\\\/cmseducation.org\\\/odyssey-international-literary-olympiad\\\/event-schedule\\\/#primaryimage\"},\"thumbnailUrl\":\"https:\\\/\\\/cmseducation.org\\\/odyssey-international-literary-olympiad\\\/wp-content\\\/uploads\\\/sites\\\/57\\\/2026\\\/03\\\/Website-Header-ODYSSEY-01.jpg\",\"datePublished\":\"2026-03-14T11:04:17+00:00\",\"dateModified\":\"2026-03-17T11:33:17+00:00\",\"description\":\"11th Odyssey International Literary Olympiad 2026 (Odyssey), hosted by City Montessori School at its Rajajipuram Campus I.\",\"breadcrumb\":{\"@id\":\"https:\\\/\\\/cmseducation.org\\\/odyssey-international-literary-olympiad\\\/event-schedule\\\/#breadcrumb\"},\"inLanguage\":\"en-US\",\"potentialAction\":[{\"@type\":\"ReadAction\",\"target\":[\"https:\\\/\\\/cmseducation.org\\\/odyssey-international-literary-olympiad\\\/event-schedule\\\/\"]}]},{\"@type\":\"ImageObject\",\"inLanguage\":\"en-US\",\"@id\":\"https:\\\/\\\/cmseducation.org\\\/odyssey-international-literary-olympiad\\\/event-schedule\\\/#primaryimage\",\"url\":\"https:\\\/\\\/cmseducation.org\\\/odyssey-international-literary-olympiad\\\/wp-content\\\/uploads\\\/sites\\\/57\\\/2026\\\/03\\\/Website-Header-ODYSSEY-01.jpg\",\"contentUrl\":\"https:\\\/\\\/cmseducation.org\\\/odyssey-international-literary-olympiad\\\/wp-content\\\/uploads\\\/sites\\\/57\\\/2026\\\/03\\\/Website-Header-ODYSSEY-01.jpg\",\"width\":1920,\"height\":700,\"caption\":\"11th Odyssey International Literary Olympiad 2026 (Odyssey)\"},{\"@type\":\"BreadcrumbList\",\"@id\":\"https:\\\/\\\/cmseducation.org\\\/odyssey-international-literary-olympiad\\\/event-schedule\\\/#breadcrumb\",\"itemListElement\":[{\"@type\":\"ListItem\",\"position\":1,\"name\":\"Home\",\"item\":\"https:\\\/\\\/cmseducation.org\\\/odyssey-international-literary-olympiad\\\/\"},{\"@type\":\"ListItem\",\"position\":2,\"name\":\"Event Schedule\"}]},{\"@type\":\"WebSite\",\"@id\":\"https:\\\/\\\/cmseducation.org\\\/odyssey-international-literary-olympiad\\\/#website\",\"url\":\"https:\\\/\\\/cmseducation.org\\\/odyssey-international-literary-olympiad\\\/\",\"name\":\"Odyssey International Literary Olympiad\",\"description\":\"\",\"publisher\":{\"@id\":\"https:\\\/\\\/cmseducation.org\\\/odyssey-international-literary-olympiad\\\/#organization\"},\"potentialAction\":[{\"@type\":\"SearchAction\",\"target\":{\"@type\":\"EntryPoint\",\"urlTemplate\":\"https:\\\/\\\/cmseducation.org\\\/odyssey-international-literary-olympiad\\\/?s={search_term_string}\"},\"query-input\":{\"@type\":\"PropertyValueSpecification\",\"valueRequired\":true,\"valueName\":\"search_term_string\"}}],\"inLanguage\":\"en-US\"},{\"@type\":\"Organization\",\"@id\":\"https:\\\/\\\/cmseducation.org\\\/odyssey-international-literary-olympiad\\\/#organization\",\"name\":\"Odyssey International Literary Olympiad\",\"url\":\"https:\\\/\\\/cmseducation.org\\\/odyssey-international-literary-olympiad\\\/\",\"logo\":{\"@type\":\"ImageObject\",\"inLanguage\":\"en-US\",\"@id\":\"https:\\\/\\\/cmseducation.org\\\/odyssey-international-literary-olympiad\\\/#\\\/schema\\\/logo\\\/image\\\/\",\"url\":\"https:\\\/\\\/cmseducation.org\\\/odyssey-international-literary-olympiad\\\/wp-content\\\/uploads\\\/sites\\\/57\\\/2026\\\/03\\\/Top-Logo-of-Odyssey.webp\",\"contentUrl\":\"https:\\\/\\\/cmseducation.org\\\/odyssey-international-literary-olympiad\\\/wp-content\\\/uploads\\\/sites\\\/57\\\/2026\\\/03\\\/Top-Logo-of-Odyssey.webp\",\"width\":480,\"height\":75,\"caption\":\"Odyssey International Literary Olympiad\"},\"image\":{\"@id\":\"https:\\\/\\\/cmseducation.org\\\/odyssey-international-literary-olympiad\\\/#\\\/schema\\\/logo\\\/image\\\/\"}}]}<\/script>\n<!-- \/ Yoast SEO plugin. -->","yoast_head_json":{"title":"Event Schedule - Odyssey International Literary Olympiad","description":"11th Odyssey International Literary Olympiad 2026 (Odyssey), hosted by City Montessori School at its Rajajipuram Campus I.","robots":{"index":"index","follow":"follow","max-snippet":"max-snippet:-1","max-image-preview":"max-image-preview:large","max-video-preview":"max-video-preview:-1"},"canonical":"https:\/\/cmseducation.org\/odyssey-international-literary-olympiad\/event-schedule\/","og_locale":"en_US","og_type":"article","og_title":"Event Schedule - Odyssey International Literary Olympiad","og_description":"11th Odyssey International Literary Olympiad 2026 (Odyssey), hosted by City Montessori School at its Rajajipuram Campus I.","og_url":"https:\/\/cmseducation.org\/odyssey-international-literary-olympiad\/event-schedule\/","og_site_name":"Odyssey International Literary Olympiad","article_modified_time":"2026-03-17T11:33:17+00:00","og_image":[{"width":1920,"height":700,"url":"https:\/\/cmseducation.org\/odyssey-international-literary-olympiad\/wp-content\/uploads\/sites\/57\/2026\/03\/Website-Header-ODYSSEY-01.jpg","type":"image\/jpeg"}],"twitter_card":"summary_large_image","twitter_misc":{"Est. reading time":"2 minutes"},"schema":{"@context":"https:\/\/schema.org","@graph":[{"@type":"WebPage","@id":"https:\/\/cmseducation.org\/odyssey-international-literary-olympiad\/event-schedule\/","url":"https:\/\/cmseducation.org\/odyssey-international-literary-olympiad\/event-schedule\/","name":"Event Schedule - Odyssey International Literary Olympiad","isPartOf":{"@id":"https:\/\/cmseducation.org\/odyssey-international-literary-olympiad\/#website"},"primaryImageOfPage":{"@id":"https:\/\/cmseducation.org\/odyssey-international-literary-olympiad\/event-schedule\/#primaryimage"},"image":{"@id":"https:\/\/cmseducation.org\/odyssey-international-literary-olympiad\/event-schedule\/#primaryimage"},"thumbnailUrl":"https:\/\/cmseducation.org\/odyssey-international-literary-olympiad\/wp-content\/uploads\/sites\/57\/2026\/03\/Website-Header-ODYSSEY-01.jpg","datePublished":"2026-03-14T11:04:17+00:00","dateModified":"2026-03-17T11:33:17+00:00","description":"11th Odyssey International Literary Olympiad 2026 (Odyssey), hosted by City Montessori School at its Rajajipuram Campus I.","breadcrumb":{"@id":"https:\/\/cmseducation.org\/odyssey-international-literary-olympiad\/event-schedule\/#breadcrumb"},"inLanguage":"en-US","potentialAction":[{"@type":"ReadAction","target":["https:\/\/cmseducation.org\/odyssey-international-literary-olympiad\/event-schedule\/"]}]},{"@type":"ImageObject","inLanguage":"en-US","@id":"https:\/\/cmseducation.org\/odyssey-international-literary-olympiad\/event-schedule\/#primaryimage","url":"https:\/\/cmseducation.org\/odyssey-international-literary-olympiad\/wp-content\/uploads\/sites\/57\/2026\/03\/Website-Header-ODYSSEY-01.jpg","contentUrl":"https:\/\/cmseducation.org\/odyssey-international-literary-olympiad\/wp-content\/uploads\/sites\/57\/2026\/03\/Website-Header-ODYSSEY-01.jpg","width":1920,"height":700,"caption":"11th Odyssey International Literary Olympiad 2026 (Odyssey)"},{"@type":"BreadcrumbList","@id":"https:\/\/cmseducation.org\/odyssey-international-literary-olympiad\/event-schedule\/#breadcrumb","itemListElement":[{"@type":"ListItem","position":1,"name":"Home","item":"https:\/\/cmseducation.org\/odyssey-international-literary-olympiad\/"},{"@type":"ListItem","position":2,"name":"Event Schedule"}]},{"@type":"WebSite","@id":"https:\/\/cmseducation.org\/odyssey-international-literary-olympiad\/#website","url":"https:\/\/cmseducation.org\/odyssey-international-literary-olympiad\/","name":"Odyssey International Literary Olympiad","description":"","publisher":{"@id":"https:\/\/cmseducation.org\/odyssey-international-literary-olympiad\/#organization"},"potentialAction":[{"@type":"SearchAction","target":{"@type":"EntryPoint","urlTemplate":"https:\/\/cmseducation.org\/odyssey-international-literary-olympiad\/?s={search_term_string}"},"query-input":{"@type":"PropertyValueSpecification","valueRequired":true,"valueName":"search_term_string"}}],"inLanguage":"en-US"},{"@type":"Organization","@id":"https:\/\/cmseducation.org\/odyssey-international-literary-olympiad\/#organization","name":"Odyssey International Literary Olympiad","url":"https:\/\/cmseducation.org\/odyssey-international-literary-olympiad\/","logo":{"@type":"ImageObject","inLanguage":"en-US","@id":"https:\/\/cmseducation.org\/odyssey-international-literary-olympiad\/#\/schema\/logo\/image\/","url":"https:\/\/cmseducation.org\/odyssey-international-literary-olympiad\/wp-content\/uploads\/sites\/57\/2026\/03\/Top-Logo-of-Odyssey.webp","contentUrl":"https:\/\/cmseducation.org\/odyssey-international-literary-olympiad\/wp-content\/uploads\/sites\/57\/2026\/03\/Top-Logo-of-Odyssey.webp","width":480,"height":75,"caption":"Odyssey International Literary Olympiad"},"image":{"@id":"https:\/\/cmseducation.org\/odyssey-international-literary-olympiad\/#\/schema\/logo\/image\/"}}]}},"_links":{"self":[{"href":"https:\/\/cmseducation.org\/odyssey-international-literary-olympiad\/wp-json\/wp\/v2\/pages\/662","targetHints":{"allow":["GET"]}}],"collection":[{"href":"https:\/\/cmseducation.org\/odyssey-international-literary-olympiad\/wp-json\/wp\/v2\/pages"}],"about":[{"href":"https:\/\/cmseducation.org\/odyssey-international-literary-olympiad\/wp-json\/wp\/v2\/types\/page"}],"author":[{"embeddable":true,"href":"https:\/\/cmseducation.org\/odyssey-international-literary-olympiad\/wp-json\/wp\/v2\/users\/3"}],"replies":[{"embeddable":true,"href":"https:\/\/cmseducation.org\/odyssey-international-literary-olympiad\/wp-json\/wp\/v2\/comments?post=662"}],"version-history":[{"count":50,"href":"https:\/\/cmseducation.org\/odyssey-international-literary-olympiad\/wp-json\/wp\/v2\/pages\/662\/revisions"}],"predecessor-version":[{"id":880,"href":"https:\/\/cmseducation.org\/odyssey-international-literary-olympiad\/wp-json\/wp\/v2\/pages\/662\/revisions\/880"}],"wp:featuredmedia":[{"embeddable":true,"href":"https:\/\/cmseducation.org\/odyssey-international-literary-olympiad\/wp-json\/wp\/v2\/media\/67"}],"wp:attachment":[{"href":"https:\/\/cmseducation.org\/odyssey-international-literary-olympiad\/wp-json\/wp\/v2\/media?parent=662"}],"curies":[{"name":"wp","href":"https:\/\/api.w.org\/{rel}","templated":true}]}}